{"id":149,"date":"2019-08-30T15:25:05","date_gmt":"2019-08-30T18:25:05","guid":{"rendered":"https:\/\/www.ewsistemas.com.br\/wordp\/?page_id=149"},"modified":"2020-01-29T13:52:07","modified_gmt":"2020-01-29T16:52:07","slug":"termos-e-condicoes","status":"publish","type":"page","link":"https:\/\/www.ewsistemas.com.br\/wordp\/termos-e-condicoes\/","title":{"rendered":"Termos e Condi\u00e7\u00f5es"},"content":{"rendered":"\n<p style=\"text-align:center\"><strong>TERMOS E SERVI\u00c7OS<\/strong><\/p>\n\n\n\n<p style=\"text-align:center\">ANTES DE SE ASSOCIAR AO SITE <\/p>\n\n\n\n<p style=\"text-align:center\">LEIA CUIDADOSAMENTE ESTE TERMO E\nCONDI\u00c7\u00d5ES DE USO DOS SERVI\u00c7OS.<\/p>\n\n\n\n<p>Ao efetuar o registro o USU\u00c1RIO ESTAR\u00c1 DECLARANDO TER LIDO E ACEITO INTEGRALMENTE, SEM QUALQUER RESERVA, ESTE CONTRATO e TERMO DE USO que apresenta as \u201cCondi\u00e7\u00f5es Gerais\u201d aplic\u00e1veis ao uso de todos os servi\u00e7os oferecidos pela empresa: Raz\u00e3o Social: <strong>Ew Sistemas Servi\u00e7os em Desenvolvimento Consultoria e Treinamento TI LTDA<\/strong>. Com o nome de Fantasia: Ew Sistemas TI. Inscrita na RFB CNPJ sob o n\u00famero  36.169.368\/0001-25, com sede em Bras\u00edlia. Declarando ser \u00e0 autora de todos os direitos intelectuais dos Servi\u00e7os de Desenvolvimento de Sistemas, Consultoria em TI, Hospedagens e Treinamento\/Cursos de TI disponibilizados neste site. Todos os servi\u00e7os oferecidos s\u00e3o comercializados neste site, doravante denominado aqui neste Termo e Condi\u00e7\u00f5es de: \u201cLoja Virtual Ew Sistemas TI\u201d, que presta um servi\u00e7o interativo de presta\u00e7\u00e3o de servi\u00e7os na internet, fornecendo uma plataforma virtual, comercializando: Servi\u00e7os de Desenvolvimento de Sistemas e Licenciamento; Treinamentos\/Cursos online; Repara\u00e7\u00e3o e Manuten\u00e7\u00e3o de Computadores e de equipamentos perif\u00e9ricos; e presencial; Instala\u00e7\u00e3o de Computadores e Software; Hospedagens de Sites e Sistemas Web e de Servi\u00e7os de Consultoria em Tecnologia da Informa\u00e7\u00e3o, entre outros servi\u00e7os designados na Classifica\u00e7\u00e3o Nacional de Atividades Econ\u00f4micas da empresa. Os servi\u00e7os s\u00e3o disponibilizados no site onde os visitantes livremente escolhem um ou mais servi\u00e7os que pretendem adquirir de seu interesse. Portanto, a Loja Virtual Ew Sistemas TI, disponibiliza seus servi\u00e7os, n\u00e3o faz intermedia\u00e7\u00f5es, n\u00e3o oferece venda de produtos, infoprodutos de terceiros. Os servi\u00e7os prestados s\u00e3o operados e administrados pela Loja Virtual Ew Sistemas TI na rede mundial de computadores (\u201cInternet\u201d), dentro dos sites e dom\u00ednios: <a href=\"https:\/\/ewsistemasecursos.com.br\">https:\/\/ewsistemasecursos.com.br<\/a> , <a href=\"https:\/\/ewsistemasti.com.br\">https:\/\/ewsistemasti.com.br<\/a> , <a href=\"https:\/\/ewsistemas.com\">https:\/\/ewsistemas.com<\/a> e demais plataformas formalmente filiadas.<\/p>\n\n\n\n<p>Com a efetiva\u00e7\u00e3o do cadastro e referido registro, <strong>O USU\u00c1RIO ESTAR\u00c1 DECLARANDO QUE \u00c9 MAIOR DE\nIDADE, EMANCIPADO OU EST\u00c1 SENDO REPRESENTADO POR PESSOA CAPAZ E QUE AMBOS GOZAM\nDE PLENA CAPACIDADE CIVIL E PENAL.<\/strong><\/p>\n\n\n\n<p>Qualquer pessoa, doravante denominada \u201c<strong>USU\u00c1RIO<\/strong>\u201d, que pretenda utilizar os servi\u00e7os da Loja Virtual Ew\nSistemas TI dever\u00e1 aceitar este Termo de Uso, e todas as demais pol\u00edticas e\nprinc\u00edpios que o regem. <strong>A ACEITA\u00c7\u00c3O DO\nTERMO DE USO \u00c9 ABSOLUTAMENTE INDISPENS\u00c1VEL \u00c0 UTILIZA\u00c7\u00c3O DA PLATAFORMA E SEUS\nSERVI\u00c7OS.<\/strong><\/p>\n\n\n\n<p>O USU\u00c1RIO dever\u00e1 ler, certificar-se de haver entendido e\naceitar todas as condi\u00e7\u00f5es estabelecidas no Termo de Uso, assim como nos demais\ndocumentos incorporados aos mesmos por refer\u00eancia, antes de seu cadastro como\nUSU\u00c1RIO da Loja Virtual Ew Sistemas TI.<\/p>\n\n\n\n<p>1. OBJETO<\/p>\n\n\n\n<p>1.1 Os servi\u00e7os objeto do presente Termo de Uso consistem em\ncolocar \u00e0 disposi\u00e7\u00e3o dos USU\u00c1RIOS, direta ou indiretamente cadastrados em seu\nsistema, desenvolvimento de sistemas comerciais e\/ou pessoais, treinamentos\/cursos,\nconsultoria em TI, hospedagens de sites e sistemas web e demais servi\u00e7os que se\nutilizar\u00e3o da plataforma da Loja Virtual Ew Sistemas TI para disponibilizar os\nservi\u00e7os de sua propriedade ao(s) USU\u00c1RIO(S) interessados.<\/p>\n\n\n\n<p>1.2 O USU\u00c1RIO se responsabiliza pelo preenchimento dos dados\npessoais, certificando-se que seu cadastramento n\u00e3o cause nenhum preju\u00edzo ou\nconstrangimentos a terceiros.<\/p>\n\n\n\n<p>1.3 Ap\u00f3s navegar pela Loja Virtual o USU\u00c1RIO poder\u00e1 adquirir\nos servi\u00e7os em todos os endere\u00e7os eletr\u00f4nicos virtuais que encontrar com da Ew\nSistemas TI, mediante a aceita\u00e7\u00e3o dos termos e condi\u00e7\u00f5es aqui especificados e\npagamento da remunera\u00e7\u00e3o estabelecida em cada servi\u00e7o, se sujeitando aos prazos\nestabelecidos em cada opera\u00e7\u00e3o definida pela empresa em quest\u00e3o.<\/p>\n\n\n\n<p>1.4 O prazo de entrega dos servi\u00e7os ser\u00e3o aqueles contratados\ncom a loja virtual vendedora dos servi\u00e7os da Ew Sistemas TI, no ato do\nfechamento da compra.<\/p>\n\n\n\n<p>1.5 A publica\u00e7\u00e3o, aquisi\u00e7\u00e3o e entrega do servi\u00e7o acontecer\u00e1\nconforme as seguintes etapas:<\/p>\n\n\n\n<p>a) Publica\u00e7\u00e3o da Oferta pela LOJA VIRTUAL: A oferta ser\u00e1\npublicada na plataforma oferecida pela Loja Virtual Ew Sistemas TI e assim\npermanecer\u00e1 durante o prazo estipulado pelo autor para a escolha do USU\u00c1RIO.<\/p>\n\n\n\n<p>b) A Loja Virtual Ew Sistemas TI n\u00e3o se responsabiliza por\neventual imprecis\u00e3o, falta ou extin\u00e7\u00e3o de algum servi\u00e7o escolhido pelo USU\u00c1RIO\njunto \u00e0 LOJA VIRTUAL.<\/p>\n\n\n\n<p>c) Escolha do servi\u00e7o: O USU\u00c1RIO interessado em adquirir um servi\u00e7o\npoder\u00e1 faz\u00ea-lo livremente junto a LOJA VIRTUAL. No caso de aquisi\u00e7\u00e3o de\ntreinamento\/cursos particulares, observar os dias dispon\u00edveis para que o\ntreinamento\/curso particular aconte\u00e7a por meio do aplicativo Zoom.us no hor\u00e1rio\ne dia marcado. Com dura\u00e7\u00e3o da aula especificada na descri\u00e7\u00e3o do servi\u00e7o. A\ncombina\u00e7\u00e3o do curso\/treinamento se dar\u00e1 via e-mail <a href=\"mailto:comercial@ewsistemasti.com.br\">comercial@ewsistemasti.com.br<\/a>. No caso do Servi\u00e7o de Manuten\u00e7\u00e3o e\nAtualiza\u00e7\u00e3o nos Sistemas, somente haver\u00e1 este tipo de servi\u00e7o nos sistemas\ndesenvolvidos pela Ew Sistemas TI. Ou seja, o Usu\u00e1rio primeiro ter\u00e1 que ter\nadquirido ou adquirir um de nossos servi\u00e7o de desenvolvimento de sistemas.<\/p>\n\n\n\n<p>d) Entrega dos servi\u00e7os Ofertados: O USU\u00c1RIO est\u00e1 ciente, e desde\nj\u00e1 declara ser de acordo, que qualquer servi\u00e7o oferecido pela LOJA VIRTUAL na\nplataforma \u00e9 adquirido diretamente da LOJA VIRTUAL e que este, responde\nexclusiva e inteiramente pela entrega, qualidade, quantidade, estado,\nexist\u00eancia, legitimidade e integridade dos servi\u00e7os ofertados. O USU\u00c1RIO est\u00e1\nciente de que a Loja Virtual Ew Sistemas TI det\u00e9m a posse e a propriedade dos\nservi\u00e7os ofertados atrav\u00e9s da plataforma. Ao optar por um servi\u00e7o atrav\u00e9s da\nplataforma, o USU\u00c1RIO declara ter aderido ao regulamento e condi\u00e7\u00f5es da oferta\nda LOJA VIRTUAL e declara conhecer as condi\u00e7\u00f5es de uso, pagamento, recebimento\ne prazo de validade de sua escolha. Em caso de o USU\u00c1RIO ter adquirido um de\nnossos servi\u00e7os em outra plataforma de vendas ou outra loja virtual, o USU\u00c1RIO\nter\u00e1 que procurar a plataforma onde adquiriu o servi\u00e7o, para que a plataforma\nonde vendeu e comercializou seja acionada. A plataforma em quest\u00e3o nos acionar\u00e1\ne todas as medidas ser\u00e3o tomadas para atender o USU\u00c1RIO que adquiriu um de\nnossos servi\u00e7os em outro lugar a n\u00e3o ser a Loja Virtual Ew Sistemas TI.<\/p>\n\n\n\n<p>2. CAPACIDADE PARA CADASTRAR-SE NO WEBSITE.<\/p>\n\n\n\n<p>2.1 Os servi\u00e7os da Loja Virtual Ew Sistemas TI est\u00e3o\ndispon\u00edveis apenas para as pessoas que tenham capacidade legal para\ncontrat\u00e1-los. N\u00e3o podem utiliz\u00e1-los, assim, pessoas que n\u00e3o gozem dessa\ncapacidade, inclusive menores de idade, ou pessoas que tenham sido inabilitadas\nda Loja Virtual Ew Sistemas TI tempor\u00e1ria ou definitivamente.<\/p>\n\n\n\n<p>2.2 Tamb\u00e9m n\u00e3o \u00e9 permitido que uma mesma pessoa tenha mais de\num cadastro na condi\u00e7\u00e3o de USU\u00c1RIO.<\/p>\n\n\n\n<p>3. CADASTRO<\/p>\n\n\n\n<p>3.1 Apenas ser\u00e1 confirmado o cadastramento do interessado que\npreencher todos os campos do cadastro. O futuro USU\u00c1RIO dever\u00e1 complet\u00e1-lo com\ninforma\u00e7\u00f5es exatas, precisas e verdadeiras, e assume o compromisso de atualizar\nos dados pessoais sempre que neles ocorrer alguma altera\u00e7\u00e3o.<\/p>\n\n\n\n<p>3.2 A Loja Virtual Ew Sistemas TI n\u00e3o se responsabiliza pela\ncorre\u00e7\u00e3o dos dados pessoais inseridos por seus USU\u00c1RIOS. Os USU\u00c1RIOS garantem e\nrespondem, em qualquer caso, pela veracidade, exatid\u00e3o e autenticidade dos\ndados pessoais cadastrados.<\/p>\n\n\n\n<p>3.3 A Loja Virtual Ew Sistemas TI se reserva o direito de\nutilizar todos os meios v\u00e1lidos e poss\u00edveis para identificar seus USU\u00c1RIOS, bem\ncomo de solicitar dados adicionais e documentos que estime serem pertinentes a\nfim de conferir os dados pessoais informados.<\/p>\n\n\n\n<p>3.4 Caso a Loja Virtual Ew Sistemas TI decida checar a\nveracidade dos dados cadastrais de um USU\u00c1RIO e se constate haver entre eles\ndados incorretos ou inver\u00eddicos, ou ainda caso o USU\u00c1RIO se furte ou negue a\nenviar os documentos requeridos, a Loja Virtual Ew Sistemas TI poder\u00e1\nbloque\u00e1-lo para aquisi\u00e7\u00e3o ou escolhas de servi\u00e7os, ou ainda suspender\ntemporariamente ou cancelar definitivamente o cadastro do USU\u00c1RIO, sem preju\u00edzo\nde outras medidas que entender necess\u00e1rias e oportunas.<\/p>\n\n\n\n<p>3.5 Havendo a aplica\u00e7\u00e3o de qualquer das san\u00e7\u00f5es acima\nreferidas, automaticamente ser\u00e3o canceladas as escolhas realizadas, n\u00e3o\nassistindo ao USU\u00c1RIO, por essa raz\u00e3o, qualquer indeniza\u00e7\u00e3o ou ressarcimento.<\/p>\n\n\n\n<p>3.6 O USU\u00c1RIO acessar\u00e1 sua conta atrav\u00e9s do nome e\/ou e-mail\ndo usu\u00e1rio e senha e compromete-se a n\u00e3o informar a terceiros esses dados,\nresponsabilizando-se integralmente pelo uso que deles seja feito.<\/p>\n\n\n\n<p>3.7 O USU\u00c1RIO compromete-se a notificar a Loja Virtual Ew\nSistemas TI imediatamente, e atrav\u00e9s de meio seguro, a respeito de qualquer uso\nn\u00e3o autorizado de sua conta, bem como o acesso n\u00e3o autorizado por terceiros \u00e0\nmesma. O USU\u00c1RIO ser\u00e1 o \u00fanico respons\u00e1vel pelas opera\u00e7\u00f5es efetuadas em sua\nconta, uma vez que o acesso \u00e0 mesma s\u00f3 ser\u00e1 poss\u00edvel mediante a aposi\u00e7\u00e3o da\nsenha, cujo conhecimento \u00e9 exclusivo do USU\u00c1RIO.<\/p>\n\n\n\n<p>3.8 Em nenhuma hip\u00f3tese ser\u00e1 permitida a cess\u00e3o, venda,\naluguel ou outra forma de transfer\u00eancia da conta sob pena de serem cancelados\npor infra\u00e7\u00f5es \u00e0s pol\u00edticas da Loja Virtual Ew Sistemas TI.<\/p>\n\n\n\n<p>3.9 O USU\u00c1RIO expressamente aceita que a Loja Virtual Ew\nSistemas TI e\/ou qualquer de seus parceiros enviem ao USU\u00c1RIO mensagens de\ne-mail ou de SMS de car\u00e1ter informativo, referentes a comunica\u00e7\u00f5es espec\u00edficas\nreferentes aos servi\u00e7os disponibilizadas ou que venham a ser disponibilizados\nna plataforma, bem como outras mensagens de natureza comercial, tais como\nofertas dos terceiros filiados A Loja Virtual Ew Sistemas TI e novidades da\nplataforma. Caso o USU\u00c1RIO n\u00e3o deseje mais receber referidas mensagens dever\u00e1\nsolicitar o cancelamento do seu envio na pr\u00f3pria plataforma.<\/p>\n\n\n\n<p>4. PAGAMENTO<\/p>\n\n\n\n<p>4.1 Os pagamentos dos servi\u00e7os realizadas pelos interessados\ne os contatos com os USU\u00c1RIOS poder\u00e3o ter atrav\u00e9s de empresas terceirizadas,\ninclusive pela presta\u00e7\u00e3o de servi\u00e7o de empresa respons\u00e1vel por gest\u00e3o de\npagamentos.<\/p>\n\n\n\n<p>4.2 A Loja Virtual Ew Sistemas TI poder\u00e1 n\u00e3o intervir nos\nresultados da rela\u00e7\u00e3o do USU\u00c1RIO com a empresa respons\u00e1vel por gest\u00e3o de\npagamentos, uma vez que a mesma administra suas opera\u00e7\u00f5es independentemente da\nLoja Virtual Ew Sistemas TI &nbsp;ficando a\ncargo da empresa limitar ou ampliar as possibilidades de interven\u00e7\u00e3o que a Loja\nVirtual Ew Sistemas TI &nbsp;pode exercer\nsobre tal rela\u00e7\u00e3o.<\/p>\n\n\n\n<p>4.3 A Loja Virtual Ew Sistemas TI n\u00e3o pode garantir de forma\nnenhuma que os servi\u00e7os prestados pela empresa respons\u00e1vel pela gest\u00e3o de\npagamentos funcionar\u00e1 livres de erros, interrup\u00e7\u00f5es, mal funcionamentos,\natrasos ou outras imperfei\u00e7\u00f5es.<\/p>\n\n\n\n<p>4.4 A Loja Virtual Ew Sistemas TI n\u00e3o ser\u00e1 respons\u00e1vel pela\ndisponibilidade ou n\u00e3o dos Servi\u00e7os prestados pela empresa respons\u00e1vel pela\ngest\u00e3o de pagamentos ou pela impossibilidade do uso do Servi\u00e7o.<\/p>\n\n\n\n<p>5. MODIFICA\u00c7\u00d5ES DO TERMO DE USO<\/p>\n\n\n\n<p>5.1 A Loja Virtual Ew Sistemas TI poder\u00e1 alterar, a qualquer\ntempo, este Termo de Uso, visando seu aprimoramento e melhoria dos servi\u00e7os\nprestados. O novo Termo de Uso entrar\u00e1 em vigor a partir de sua publica\u00e7\u00e3o na\nplataforma. No prazo de 24 (vinte e quatro) horas contadas a partir da\npublica\u00e7\u00e3o das modifica\u00e7\u00f5es, o USU\u00c1RIO dever\u00e1 comunicar-se por e-mail, caso n\u00e3o\nconcorde com o Termo de Uso alterado. Nesse caso, o v\u00ednculo contratual deixar\u00e1\nde existir, desde que n\u00e3o haja contas ou d\u00edvidas em aberto em nome do USU\u00c1RIO.\nN\u00e3o havendo manifesta\u00e7\u00e3o no prazo estipulado, entender-se-\u00e1 que o USU\u00c1RIO\naceitou tacitamente o novo Termo de Uso e o contrato continuar\u00e1 vinculando as\npartes.<\/p>\n\n\n\n<p>5.2 As altera\u00e7\u00f5es n\u00e3o vigorar\u00e3o em rela\u00e7\u00e3o as escolhas,\ncompromissos e aquisi\u00e7\u00f5es j\u00e1 iniciados ao tempo em que as mesmas altera\u00e7\u00f5es\nsejam publicadas. Para estes, o Termo de Uso valer\u00e1 com a reda\u00e7\u00e3o anterior.<\/p>\n\n\n\n<p>6. PRIVACIDADE DA INFORMA\u00c7\u00c3O<\/p>\n\n\n\n<p>6.1 A Loja Virtual Ew Sistemas TI tomar\u00e1 todas as medidas\nposs\u00edveis para manter a confidencialidade e a seguran\u00e7a descritas nesta\ncl\u00e1usula, por\u00e9m n\u00e3o responder\u00e1 por preju\u00edzo que possa ser derivado da viola\u00e7\u00e3o\ndessas medidas por parte de terceiros que utilizem as redes p\u00fablicas ou a\ninternet, subvertendo os sistemas de seguran\u00e7a para acessar as informa\u00e7\u00f5es de\nUSU\u00c1RIOS.<\/p>\n\n\n\n<p>6.2 \u00c9 inerente a atividade da Loja Virtual Ew Sistemas TI &nbsp;a conex\u00e3o e parceria com empresas parceiras\npara a perfeita presta\u00e7\u00e3o dos servi\u00e7os. Para tanto, A Loja Virtual Ew Sistemas\nTI poder\u00e1 a seu exclusivo crit\u00e9rio e conveni\u00eancia, compartilhar informa\u00e7\u00f5es\nsobre os USU\u00c1RIOS e visitantes de seu site com seus parceiros.<\/p>\n\n\n\n<p>6.3 Em caso de d\u00favidas sobre a prote\u00e7\u00e3o a dados pessoais, ou\npara obter maiores informa\u00e7\u00f5es sobre dados pessoais e os casos nos quais poder\u00e1\nser quebrado o sigilo de que trata esta cl\u00e1usula, consultar <a href=\"mailto:comercial@ewsistemasti.com.br\">comercial@ewsistemasti.com.br<\/a> <\/p>\n\n\n\n<p>7. OBRIGA\u00c7\u00d5ES DOS USU\u00c1RIOS<\/p>\n\n\n\n<p>7.1 Os USU\u00c1RIOS interessados em participar dos servi\u00e7os\noferecidos e anunciados pela Loja Virtual Ew Sistemas TI e seus utilizadores\ndevem realizar seu cadastro, a escolha dos servi\u00e7os e realizar os pagamentos\ncorrespondente.<\/p>\n\n\n\n<p>7.2 Os USU\u00c1RIOS ap\u00f3s efetuar o registro no site, LOJA VIRTUAL\nescolhida, realizar a escolha e os pagamentos do(s) servi\u00e7o(s) adquiridos,\nassumir\u00e1 o compromisso de colaborar para que a empresa Loja Virtual Ew Sistemas\nTI e o lojista alcance seu objetivo.<\/p>\n\n\n\n<p>7.4 A Loja Virtual Ew Sistemas TI n\u00e3o se responsabiliza pelas\nobriga\u00e7\u00f5es tribut\u00e1rias que recaiam sobre as atividades dos USU\u00c1RIOS do site,\nbem como sobre a de seus Parceiros e Lojistas Virtuais. Assim como estabelece a\nlegisla\u00e7\u00e3o pertinente em vigor, o consumidor dever\u00e1 exigir nota fiscal do\nParceiro em suas transa\u00e7\u00f5es.<\/p>\n\n\n\n<p>8. VIOLA\u00c7\u00c3O NO SISTEMA OU BASE DE DADOS<\/p>\n\n\n\n<p>8.1 N\u00e3o \u00e9 permitida a utiliza\u00e7\u00e3o de nenhum dispositivo,\nsoftware, ou outro recurso que venha a interferir nas atividades e opera\u00e7\u00f5es da\nLoja Virtual Ew Sistemas TI , bem como nas publica\u00e7\u00f5es de ofertas dos servi\u00e7os,\ndescri\u00e7\u00f5es, contas ou seus bancos de dados. Qualquer intromiss\u00e3o, tentativa de,\nou atividade que viole ou contrarie as leis de direito de propriedade\nintelectual e\/ou as proibi\u00e7\u00f5es estipuladas neste Termo de Uso, tornar\u00e3o o\nrespons\u00e1vel pass\u00edvel das a\u00e7\u00f5es legais pertinentes, bem como das san\u00e7\u00f5es aqui\nprevistas, sendo ainda respons\u00e1vel pelas indeniza\u00e7\u00f5es por eventuais danos\ncausados.<\/p>\n\n\n\n<p>9. SAN\u00c7\u00d5ES<\/p>\n\n\n\n<p>9.1 Sem preju\u00edzo de outras medidas, A Loja Virtual Ew\nSistemas TI &nbsp;poder\u00e1 advertir, suspender\nou cancelar, tempor\u00e1ria ou definitivamente, a conta de um USU\u00c1RIO a qualquer\ntempo, e iniciar as a\u00e7\u00f5es legais cab\u00edveis se: a) o USU\u00c1RIO n\u00e3o cumprir qualquer\ndispositivo deste Termo de Uso; b) se descumprir com seus deveres de USU\u00c1RIO;\nc) se praticar atos fraudulentos ou dolosos; d) se n\u00e3o puder ser verificada a\nidentidade do USU\u00c1RIO ou qualquer informa\u00e7\u00e3o fornecida por ele esteja\nincorreta; e) se A Loja Virtual Ew Sistemas TI &nbsp;entender que os an\u00fancios ou qualquer atitude\ndo USU\u00c1RIO tenham causado algum dano a terceiros ou ao pr\u00f3pria Loja Virtual Ew\nSistemas TI &nbsp;ou tenham a potencialidade\nde assim o fazer. Nos casos de inabilita\u00e7\u00e3o do cadastro do USU\u00c1RIO, todas as Aquisi\u00e7\u00f5es\nde Ofertas ativas ser\u00e3o automaticamente canceladas. A Loja Virtual Ew Sistemas\nTI reserva-se o direito de, a qualquer momento e a seu exclusivo crit\u00e9rio,\nsolicitar o envio de documenta\u00e7\u00e3o pessoal.<\/p>\n\n\n\n<p>10. RESPONSABILIDADES<\/p>\n\n\n\n<p>10.1 A Loja Virtual Ew Sistemas TI \u00e9 o propriet\u00e1rio dos servi\u00e7os\nofertados pelos Parceiros Lojistas Virtuais, n\u00e3o guarda a posse deles e n\u00e3o\nrealiza ofertas\/vendas em seu nome. Tampouco interv\u00e9m na entrega e\/ou uso dos\nservi\u00e7os cuja aquisi\u00e7\u00e3o ocorra atrav\u00e9s da plataforma que n\u00e3o seja a Loja\nVirtual Ew Sistemas TI.<\/p>\n\n\n\n<p>10.2 A Loja Virtual Ew Sistemas TI n\u00e3o se responsabiliza, na\nocasi\u00e3o de sua entrega e\/ou uso, pela exist\u00eancia, quantidade ou legitimidade\ndos servi\u00e7os ofertados pelos Parceiros e adquiridos pelos USU\u00c1RIOS, assim como\npela capacidade para contratar dos USU\u00c1RIOS ou pela veracidade dos dados\npessoais por eles inseridos em seus cadastros.<\/p>\n\n\n\n<p>10.3 A Loja Virtual Ew Sistemas TI &nbsp;n\u00e3o ser\u00e1 respons\u00e1vel pelo efetivo cumprimento\ndas obriga\u00e7\u00f5es assumidas pelos USU\u00c1RIOS. O USU\u00c1RIO e os contatos dos USU\u00c1RIOS\nreconhecem e aceitam que ao optar e escolherem os servi\u00e7os dos Lojistas\nVirtuais o faz por sua conta e risco. Em nenhum caso A Loja Virtual Ew Sistemas\nTI ser\u00e1 respons\u00e1vel pelo lucro cessante ou por qualquer outro dano e\/ou\npreju\u00edzo que o USU\u00c1RIO possa sofrer devido \u00e0s aquisi\u00e7\u00f5es realizadas atrav\u00e9s da\nplataforma.<\/p>\n\n\n\n<p>10.4 A Loja Virtual Ew Sistemas TI &nbsp;recomenda que toda transa\u00e7\u00e3o seja realizada\ncom cautela e bom senso. O USU\u00c1RIO e seus contatos dever\u00e3o sopesar os riscos da\naquisi\u00e7\u00e3o dos servi\u00e7os.<\/p>\n\n\n\n<p>10.5 Tendo em vista, ainda, a impossibilidade de\nfuncionamento integral e ininterrupto de qualquer sistema de telecomunica\u00e7\u00e3o ou\nde inform\u00e1tica, durante 365 dias por ano, 24 horas por dia, nesta situa\u00e7\u00e3o de\nfragilidade tamb\u00e9m se incluindo, em raz\u00e3o de sua complexidade, a\ndisponibiliza\u00e7\u00e3o dos servi\u00e7os objeto do presente Contrato, inclusive em raz\u00e3o\nda depend\u00eancia de servi\u00e7os de telecomunica\u00e7\u00f5es prestados por terceiros, A Loja\nVirtual Ew Sistemas TI n\u00e3o garante, de nenhuma forma, a presta\u00e7\u00e3o do servi\u00e7o de\nforma ininterrupta e\/ ou isenta de erros.<\/p>\n\n\n\n<p>11. ALCANCE DOS SERVI\u00c7OS<\/p>\n\n\n\n<p>11.1 Este Termo de Uso n\u00e3o gera nenhum contrato de sociedade,\nde mandato, franquia ou rela\u00e7\u00e3o de trabalho entre A Loja Virtual Ew Sistemas TI\ne o USU\u00c1RIO e seus contatos. O USU\u00c1RIO manifesta ci\u00eancia de que a Loja Virtual\nEw Sistemas TI &nbsp;n\u00e3o \u00e9 parte de nenhuma\ntransa\u00e7\u00e3o, nem possui controle algum sobre a qualidade e a seguran\u00e7a dos\nservi\u00e7os anunciados. A Loja Virtual Ew Sistemas TI n\u00e3o garante a veracidade da\npublica\u00e7\u00e3o de terceiros que apare\u00e7a em seu site e n\u00e3o ser\u00e1 respons\u00e1vel pela\ncorrespond\u00eancia ou contratos que o USU\u00c1RIO realize com terceiros ou mesmo\ndiretamente com seus Parceiros. A Loja Virtual Ew Sistemas TI n\u00e3o se\nresponsabiliza por qualquer dano, preju\u00edzo ou perda no equipamento do USU\u00c1RIO\ncausado por falhas no sistema, no servidor ou na internet decorrentes de\ncondutas de terceiros. A Loja Virtual Ew Sistemas TI tamb\u00e9m n\u00e3o ser\u00e1\nrespons\u00e1vel por qualquer v\u00edrus que possa atacar o equipamento do USU\u00c1RIO em\ndecorr\u00eancia do acesso, utiliza\u00e7\u00e3o ou navega\u00e7\u00e3o no site na internet; ou como\nconsequ\u00eancia da transfer\u00eancia de dados, arquivos, imagens, textos ou \u00e1udio. Os\nUSU\u00c1RIOS n\u00e3o poder\u00e3o atribuir a Loja Virtual Ew Sistemas TI &nbsp;nenhuma responsabilidade nem exigir o\npagamento por lucro cessante em virtude de preju\u00edzos resultantes de\ndificuldades t\u00e9cnicas ou falhas nos sistemas ou na internet. Eventualmente, o\nsistema poder\u00e1 n\u00e3o estar dispon\u00edvel por motivos t\u00e9cnicos ou falhas da internet,\nou por qualquer outro evento fortuito ou de for\u00e7a maior alheio ao controle da\nLoja Virtual Ew Sistemas TI.<\/p>\n\n\n\n<p>12. PROPRIEDADE INTELECTUAL<\/p>\n\n\n\n<p>12.1 O uso comercial da express\u00e3o \u201cLoja Virtual Ew Sistemas\nTI\u201d como marca, nome empresarial ou nome de dom\u00ednio, bem como os conte\u00fados das\ntelas relativas aos servi\u00e7os da Loja Virtual Ew Sistemas TI &nbsp;assim como os programas, bancos de dados,\nredes e arquivos, que permitem que o USU\u00c1RIO acesse e use sua conta, s\u00e3o\npropriedade da Loja Virtual Ew Sistemas TI e est\u00e3o protegidos pelas leis e\ntratados internacionais de direito autoral, marcas, patentes, modelos e\ndesenhos industriais. O uso indevido e a reprodu\u00e7\u00e3o total ou parcial dos\nreferidos conte\u00fados s\u00e3o proibidos, salvo a autoriza\u00e7\u00e3o expressa da Loja Virtual\nEw Sistemas TI.<\/p>\n\n\n\n<p>12.2 O site pode linkar outros sites da rede o que n\u00e3o\nsignifica que esses sites sejam de propriedade ou operados pela Loja Virtual Ew\nSistemas TI. N\u00e3o possuindo controle sobre esses sites, a Loja Virtual Ew\nSistemas TI n\u00e3o ser\u00e1 respons\u00e1vel pelos conte\u00fados, pr\u00e1ticas e servi\u00e7os ofertados\nnos mesmos. A presen\u00e7a de links para outros sites n\u00e3o implica rela\u00e7\u00e3o de\nsociedade, de supervis\u00e3o, de cumplicidade ou solidariedade da Loja Virtual Ew\nSistemas TI &nbsp;para com esses sites e seus\nconte\u00fados.<\/p>\n\n\n\n<p>13. INDENIZA\u00c7\u00c3O<\/p>\n\n\n\n<p>13.1 O USU\u00c1RIO indenizar\u00e1 a Loja Virtual Ew Sistemas TI, suas\nfiliais, empresas controladas ou controladoras, diretores, administradores,\ncolaboradores, representantes e empregados por qualquer demanda promovida por\noutros USU\u00c1RIOS ou terceiros decorrentes de suas atividades no site ou por seu\ndescumprimento dos Termos de Uso ou pela viola\u00e7\u00e3o de qualquer lei ou direitos\nde terceiros, incluindo honor\u00e1rios de advogados.<\/p>\n\n\n\n<p>14. FORO E LEGISTA\u00c7\u00c3O APLIC\u00c1VEL<\/p>\n\n\n\n<p>14.1 Todos os itens deste Termo de Uso est\u00e3o regidos pelas\nleis vigentes na Rep\u00fablica Federativa do Brasil. Para todos os assuntos\nreferentes \u00e0 sua interpreta\u00e7\u00e3o e cumprimento, as partes se submeter\u00e3o ao Foro\nda Cidade de Bras\u00edlia-DF, exce\u00e7\u00e3o feita a reclama\u00e7\u00f5es apresentadas por USU\u00c1RIOS\nque se enquadrem no conceito legal de consumidores, que poder\u00e3o submeter ao\nforo de seu domic\u00edlio.<\/p>\n","protected":false},"excerpt":{"rendered":"<p>TERMOS E SERVI\u00c7OS ANTES DE SE ASSOCIAR AO SITE LEIA CUIDADOSAMENTE ESTE TERMO E CONDI\u00c7\u00d5ES DE USO DOS SERVI\u00c7OS. Ao efetuar o registro o USU\u00c1RIO ESTAR\u00c1 DECLARANDO TER LIDO E ACEITO INTEGRALMENTE, SEM QUALQUER RESERVA, ESTE CONTRATO e TERMO DE USO que apresenta as \u201cCondi\u00e7\u00f5es Gerais\u201d aplic\u00e1veis ao uso de todos os servi\u00e7os oferecidos pela [&hellip;]<\/p>\n","protected":false},"author":1,"featured_media":0,"parent":0,"menu_order":0,"comment_status":"closed","ping_status":"closed","template":"","meta":{"_et_pb_use_builder":"","_et_pb_old_content":"","_et_gb_content_width":"","_joinchat":[],"footnotes":""},"class_list":["post-149","page","type-page","status-publish","hentry"],"_links":{"self":[{"href":"https:\/\/www.ewsistemas.com.br\/wordp\/wp-json\/wp\/v2\/pages\/149","targetHints":{"allow":["GET"]}}],"collection":[{"href":"https:\/\/www.ewsistemas.com.br\/wordp\/wp-json\/wp\/v2\/pages"}],"about":[{"href":"https:\/\/www.ewsistemas.com.br\/wordp\/wp-json\/wp\/v2\/types\/page"}],"author":[{"embeddable":true,"href":"https:\/\/www.ewsistemas.com.br\/wordp\/wp-json\/wp\/v2\/users\/1"}],"replies":[{"embeddable":true,"href":"https:\/\/www.ewsistemas.com.br\/wordp\/wp-json\/wp\/v2\/comments?post=149"}],"version-history":[{"count":5,"href":"https:\/\/www.ewsistemas.com.br\/wordp\/wp-json\/wp\/v2\/pages\/149\/revisions"}],"predecessor-version":[{"id":348,"href":"https:\/\/www.ewsistemas.com.br\/wordp\/wp-json\/wp\/v2\/pages\/149\/revisions\/348"}],"wp:attachment":[{"href":"https:\/\/www.ewsistemas.com.br\/wordp\/wp-json\/wp\/v2\/media?parent=149"}],"curies":[{"name":"wp","href":"https:\/\/api.w.org\/{rel}","templated":true}]}}