{"id":496,"date":"2024-03-27T11:53:22","date_gmt":"2024-03-27T14:53:22","guid":{"rendered":"https:\/\/www.ewsistemas.com.br\/wordp\/?page_id=496"},"modified":"2024-03-27T12:02:03","modified_gmt":"2024-03-27T15:02:03","slug":"contact","status":"publish","type":"page","link":"https:\/\/www.ewsistemas.com.br\/wordp\/contact\/","title":{"rendered":"Contact"},"content":{"rendered":"<p>[et_pb_section fb_built=&#8221;1&#8243; admin_label=&#8221;Hero&#8221; _builder_version=&#8221;4.16&#8243; use_background_color_gradient=&#8221;on&#8221; background_color_gradient_direction=&#8221;135deg&#8221; background_color_gradient_stops=&#8221;#02cbd6 0%|#086acc 100%&#8221; background_color_gradient_start=&#8221;#02cbd6&#8243; background_color_gradient_end=&#8221;#086acc&#8221; background_image=&#8221;https:\/\/www.ewsistemas.com.br\/wordp\/wp-content\/uploads\/2024\/03\/geometric-bg-overlay-01.jpg&#8221; background_blend=&#8221;overlay&#8221; custom_padding=&#8221;10%|||&#8221; animation_style=&#8221;zoom&#8221; animation_direction=&#8221;bottom&#8221; animation_intensity_zoom=&#8221;8%&#8221; animation_starting_opacity=&#8221;100%&#8221; box_shadow_style=&#8221;preset3&#8243; box_shadow_vertical=&#8221;-250px&#8221; box_shadow_blur=&#8221;0px&#8221; box_shadow_color=&#8221;#F8FBFE&#8221; box_shadow_position=&#8221;inner&#8221; global_colors_info=&#8221;{}&#8221; theme_builder_area=&#8221;post_content&#8221;][et_pb_row _builder_version=&#8221;4.16&#8243; global_colors_info=&#8221;{}&#8221; theme_builder_area=&#8221;post_content&#8221;][et_pb_column type=&#8221;4_4&#8243; _builder_version=&#8221;4.16&#8243; custom_padding=&#8221;|||&#8221; global_colors_info=&#8221;{}&#8221; custom_padding__hover=&#8221;|||&#8221; theme_builder_area=&#8221;post_content&#8221;][et_pb_text _builder_version=&#8221;4.24.2&#8243; text_font=&#8221;Nunito Sans||||||||&#8221; text_text_color=&#8221;#ffffff&#8221; text_font_size=&#8221;18px&#8221; text_line_height=&#8221;1.8em&#8221; header_font=&#8221;Nunito Sans|700|||||||&#8221; header_text_align=&#8221;center&#8221; header_text_color=&#8221;#ffffff&#8221; header_font_size=&#8221;45px&#8221; header_line_height=&#8221;1.3em&#8221; header_2_font=&#8221;||||||||&#8221; text_orientation=&#8221;center&#8221; max_width=&#8221;700px&#8221; module_alignment=&#8221;center&#8221; hover_enabled=&#8221;0&#8243; global_colors_info=&#8221;{}&#8221; theme_builder_area=&#8221;post_content&#8221; sticky_enabled=&#8221;0&#8243;]<\/p>\n<h1>Fale Conosco<\/h1>\n<p>Voc\u00ea pode falar conosco via telefone, whatsapp ou e-mail.<\/p>\n<p>[\/et_pb_text][\/et_pb_column][\/et_pb_row][et_pb_row use_custom_gutter=&#8221;on&#8221; gutter_width=&#8221;2&#8243; admin_label=&#8221;Contact Information&#8221; _builder_version=&#8221;4.16&#8243; custom_padding=&#8221;|||&#8221; global_colors_info=&#8221;{}&#8221; column_structure=&#8221;1_3,1_3,1_3&#8243; theme_builder_area=&#8221;post_content&#8221;][et_pb_column type=&#8221;1_3&#8243; _builder_version=&#8221;4.16&#8243; background_color_gradient_direction=&#8221;243deg&#8221; background_color_gradient_start=&#8221;#3D72E7&#8243; background_color_gradient_end=&#8221;#53a0fe&#8221; custom_padding=&#8221;|||&#8221; global_colors_info=&#8221;{}&#8221; custom_padding__hover=&#8221;|||&#8221; theme_builder_area=&#8221;post_content&#8221;][et_pb_blurb title=&#8221;Comercial&#8221; use_icon=&#8221;on&#8221; font_icon=&#8221;&#xe0f5;||divi||400&#8243; icon_color=&#8221;#535B7C&#8221; image_icon_width=&#8221;64px&#8221; content_max_width=&#8221;470px&#8221; _builder_version=&#8221;4.24.2&#8243; header_font=&#8221;Nunito Sans|600|||||||&#8221; header_text_color=&#8221;#535b7c&#8221; header_line_height=&#8221;1.4em&#8221; body_font=&#8221;Nunito Sans||||||||&#8221; body_text_color=&#8221;#959baf&#8221; body_font_size=&#8221;16px&#8221; background_color=&#8221;#ffffff&#8221; text_orientation=&#8221;center&#8221; custom_margin=&#8221;||-24px|&#8221; custom_padding=&#8221;40px|30px|64px|30px&#8221; hover_enabled=&#8221;0&#8243; border_radii=&#8221;on|4px|4px|4px|4px&#8221; box_shadow_style=&#8221;preset3&#8243; box_shadow_color=&#8221;rgba(34,56,101,0.12)&#8221; icon_font_size=&#8221;64px&#8221; locked=&#8221;off&#8221; global_colors_info=&#8221;{}&#8221; theme_builder_area=&#8221;post_content&#8221; sticky_enabled=&#8221;0&#8243;]<\/p>\n<p>Nosso hor\u00e1rio de expediente \u00e9 nos dias \u00fateis das 9h \u00e0s 17h. <\/p>\n<p>(61) 4042-0701<\/p>\n<p>[\/et_pb_blurb][et_pb_button button_text=&#8221;Whatsapp&#8221; button_alignment=&#8221;center&#8221; _builder_version=&#8221;4.24.2&#8243; custom_button=&#8221;on&#8221; button_text_size=&#8221;13px&#8221; button_text_color=&#8221;#ffffff&#8221; button_bg_use_color_gradient=&#8221;on&#8221; button_bg_color_gradient_direction=&#8221;243deg&#8221; button_bg_color_gradient_stops=&#8221;#3D72E7 0%|#53a0fe 100%&#8221; button_bg_color_gradient_start=&#8221;#3D72E7&#8243; button_bg_color_gradient_end=&#8221;#53a0fe&#8221; button_border_width=&#8221;0px&#8221; button_border_radius=&#8221;26px&#8221; button_letter_spacing=&#8221;1px&#8221; button_font=&#8221;Nunito Sans|800||on|||||&#8221; button_use_icon=&#8221;off&#8221; custom_margin=&#8221;|||&#8221; custom_padding=&#8221;15px|30px|15px|30px&#8221; button_text_color_hover=&#8221;#ffffff&#8221; button_border_radius_hover=&#8221;26px&#8221; button_letter_spacing_hover=&#8221;1px&#8221; locked=&#8221;off&#8221; global_colors_info=&#8221;{}&#8221; button_text_size__hover_enabled=&#8221;off&#8221; button_one_text_size__hover_enabled=&#8221;off&#8221; button_two_text_size__hover_enabled=&#8221;off&#8221; button_text_color__hover_enabled=&#8221;on&#8221; button_text_color__hover=&#8221;#ffffff&#8221; button_one_text_color__hover_enabled=&#8221;off&#8221; button_two_text_color__hover_enabled=&#8221;off&#8221; button_border_width__hover_enabled=&#8221;off&#8221; button_one_border_width__hover_enabled=&#8221;off&#8221; button_two_border_width__hover_enabled=&#8221;off&#8221; button_border_color__hover_enabled=&#8221;off&#8221; button_one_border_color__hover_enabled=&#8221;off&#8221; button_two_border_color__hover_enabled=&#8221;off&#8221; button_border_radius__hover_enabled=&#8221;on&#8221; button_border_radius__hover=&#8221;26px&#8221; button_one_border_radius__hover_enabled=&#8221;off&#8221; button_two_border_radius__hover_enabled=&#8221;off&#8221; button_letter_spacing__hover_enabled=&#8221;on&#8221; button_letter_spacing__hover=&#8221;1px&#8221; button_one_letter_spacing__hover_enabled=&#8221;off&#8221; button_two_letter_spacing__hover_enabled=&#8221;off&#8221; button_bg_color__hover_enabled=&#8221;off&#8221; button_one_bg_color__hover_enabled=&#8221;off&#8221; button_two_bg_color__hover_enabled=&#8221;off&#8221; theme_builder_area=&#8221;post_content&#8221; button_url=&#8221;https:\/\/wa.me\/556140420701&#8243;][\/et_pb_button][\/et_pb_column][et_pb_column type=&#8221;1_3&#8243; _builder_version=&#8221;4.16&#8243; background_color_gradient_direction=&#8221;243deg&#8221; background_color_gradient_start=&#8221;#3D72E7&#8243; background_color_gradient_end=&#8221;#53a0fe&#8221; custom_padding=&#8221;|||&#8221; global_colors_info=&#8221;{}&#8221; custom_padding__hover=&#8221;|||&#8221; theme_builder_area=&#8221;post_content&#8221;][et_pb_blurb title=&#8221;Suporte&#8221; use_icon=&#8221;on&#8221; font_icon=&#8221;&#xe028;||divi||400&#8243; icon_color=&#8221;#535B7C&#8221; image_icon_width=&#8221;64px&#8221; content_max_width=&#8221;470px&#8221; _builder_version=&#8221;4.24.2&#8243; header_font=&#8221;Nunito Sans|600|||||||&#8221; header_text_color=&#8221;#535b7c&#8221; header_line_height=&#8221;1.4em&#8221; body_font=&#8221;Nunito Sans||||||||&#8221; body_text_color=&#8221;#959baf&#8221; body_font_size=&#8221;16px&#8221; background_color=&#8221;#ffffff&#8221; text_orientation=&#8221;center&#8221; custom_margin=&#8221;||-24px|&#8221; custom_padding=&#8221;40px|30px|64px|30px&#8221; hover_enabled=&#8221;0&#8243; border_radii=&#8221;on|4px|4px|4px|4px&#8221; box_shadow_style=&#8221;preset3&#8243; box_shadow_color=&#8221;rgba(34,56,101,0.12)&#8221; icon_font_size=&#8221;64px&#8221; locked=&#8221;off&#8221; global_colors_info=&#8221;{}&#8221; theme_builder_area=&#8221;post_content&#8221; sticky_enabled=&#8221;0&#8243; url=&#8221;https:\/\/wa.me\/556140420701&#8243;]<\/p>\n<p>Voc\u00ea pode acionar o suporte por e-mail.<\/p>\n<p>[\/et_pb_blurb][et_pb_button button_text=&#8221;E-mail&#8221; button_alignment=&#8221;center&#8221; _builder_version=&#8221;4.24.2&#8243; custom_button=&#8221;on&#8221; button_text_size=&#8221;13px&#8221; button_text_color=&#8221;#ffffff&#8221; button_bg_use_color_gradient=&#8221;on&#8221; button_bg_color_gradient_direction=&#8221;243deg&#8221; button_bg_color_gradient_stops=&#8221;#3D72E7 0%|#53a0fe 100%&#8221; button_bg_color_gradient_start=&#8221;#3D72E7&#8243; button_bg_color_gradient_end=&#8221;#53a0fe&#8221; button_border_width=&#8221;0px&#8221; button_border_radius=&#8221;26px&#8221; button_letter_spacing=&#8221;1px&#8221; button_font=&#8221;Nunito Sans|800||on|||||&#8221; button_use_icon=&#8221;off&#8221; custom_margin=&#8221;|||&#8221; custom_padding=&#8221;15px|30px|15px|30px&#8221; hover_enabled=&#8221;0&#8243; button_text_color_hover=&#8221;#ffffff&#8221; button_border_radius_hover=&#8221;26px&#8221; button_letter_spacing_hover=&#8221;1px&#8221; locked=&#8221;off&#8221; global_colors_info=&#8221;{}&#8221; button_text_size__hover_enabled=&#8221;off&#8221; button_one_text_size__hover_enabled=&#8221;off&#8221; button_two_text_size__hover_enabled=&#8221;off&#8221; button_text_color__hover_enabled=&#8221;on&#8221; button_text_color__hover=&#8221;#ffffff&#8221; button_one_text_color__hover_enabled=&#8221;off&#8221; button_two_text_color__hover_enabled=&#8221;off&#8221; button_border_width__hover_enabled=&#8221;off&#8221; button_one_border_width__hover_enabled=&#8221;off&#8221; button_two_border_width__hover_enabled=&#8221;off&#8221; button_border_color__hover_enabled=&#8221;off&#8221; button_one_border_color__hover_enabled=&#8221;off&#8221; button_two_border_color__hover_enabled=&#8221;off&#8221; button_border_radius__hover_enabled=&#8221;on&#8221; button_border_radius__hover=&#8221;26px&#8221; button_one_border_radius__hover_enabled=&#8221;off&#8221; button_two_border_radius__hover_enabled=&#8221;off&#8221; button_letter_spacing__hover_enabled=&#8221;on&#8221; button_letter_spacing__hover=&#8221;1px&#8221; button_one_letter_spacing__hover_enabled=&#8221;off&#8221; button_two_letter_spacing__hover_enabled=&#8221;off&#8221; button_bg_color__hover_enabled=&#8221;off&#8221; button_one_bg_color__hover_enabled=&#8221;off&#8221; button_two_bg_color__hover_enabled=&#8221;off&#8221; theme_builder_area=&#8221;post_content&#8221; button_url=&#8221;mailto:suporte@ewsistemasti.com.br&#8221; url_new_window=&#8221;on&#8221; sticky_enabled=&#8221;0&#8243;][\/et_pb_button][\/et_pb_column][et_pb_column type=&#8221;1_3&#8243; _builder_version=&#8221;4.16&#8243; background_color_gradient_direction=&#8221;243deg&#8221; background_color_gradient_start=&#8221;#3D72E7&#8243; background_color_gradient_end=&#8221;#53A0FE&#8221; custom_padding=&#8221;|||&#8221; global_colors_info=&#8221;{}&#8221; custom_padding__hover=&#8221;|||&#8221; theme_builder_area=&#8221;post_content&#8221;][et_pb_blurb title=&#8221;Via Ticket&#8221; use_icon=&#8221;on&#8221; font_icon=&#8221;&#xe017;||divi||400&#8243; icon_color=&#8221;#535B7C&#8221; image_icon_width=&#8221;64px&#8221; content_max_width=&#8221;470px&#8221; _builder_version=&#8221;4.24.2&#8243; header_font=&#8221;Nunito Sans|600|||||||&#8221; header_text_color=&#8221;#535b7c&#8221; header_line_height=&#8221;1.4em&#8221; body_font=&#8221;Nunito Sans||||||||&#8221; body_text_color=&#8221;#959baf&#8221; body_font_size=&#8221;16px&#8221; background_color=&#8221;#ffffff&#8221; text_orientation=&#8221;center&#8221; custom_margin=&#8221;||-24px|&#8221; custom_padding=&#8221;40px|30px|64px|30px&#8221; hover_enabled=&#8221;0&#8243; border_radii=&#8221;on|4px|4px|4px|4px&#8221; box_shadow_style=&#8221;preset3&#8243; box_shadow_color=&#8221;rgba(34,56,101,0.12)&#8221; icon_font_size=&#8221;64px&#8221; locked=&#8221;off&#8221; global_colors_info=&#8221;{}&#8221; theme_builder_area=&#8221;post_content&#8221; sticky_enabled=&#8221;0&#8243;]<\/p>\n<p>Somente para clientes a abertura de tickets \u00e9 poss\u00edvel.<\/p>\n<p>[\/et_pb_blurb][et_pb_button button_text=&#8221;Abrir Chamado&#8221; button_alignment=&#8221;center&#8221; _builder_version=&#8221;4.24.2&#8243; custom_button=&#8221;on&#8221; button_text_size=&#8221;13px&#8221; button_text_color=&#8221;#ffffff&#8221; button_bg_use_color_gradient=&#8221;on&#8221; button_bg_color_gradient_direction=&#8221;245deg&#8221; button_bg_color_gradient_stops=&#8221;#3D72E7 0%|#53a0fe 100%&#8221; button_bg_color_gradient_start=&#8221;#3D72E7&#8243; button_bg_color_gradient_end=&#8221;#53a0fe&#8221; button_border_width=&#8221;0px&#8221; button_border_radius=&#8221;26px&#8221; button_letter_spacing=&#8221;1px&#8221; button_font=&#8221;Nunito Sans|800||on|||||&#8221; button_use_icon=&#8221;off&#8221; custom_margin=&#8221;|||&#8221; custom_padding=&#8221;15px|30px|15px|30px&#8221; hover_enabled=&#8221;0&#8243; button_text_color_hover=&#8221;#ffffff&#8221; button_border_radius_hover=&#8221;26px&#8221; button_letter_spacing_hover=&#8221;1px&#8221; locked=&#8221;off&#8221; global_colors_info=&#8221;{}&#8221; button_text_size__hover_enabled=&#8221;off&#8221; button_one_text_size__hover_enabled=&#8221;off&#8221; button_two_text_size__hover_enabled=&#8221;off&#8221; button_text_color__hover_enabled=&#8221;on&#8221; button_text_color__hover=&#8221;#ffffff&#8221; button_one_text_color__hover_enabled=&#8221;off&#8221; button_two_text_color__hover_enabled=&#8221;off&#8221; button_border_width__hover_enabled=&#8221;off&#8221; button_one_border_width__hover_enabled=&#8221;off&#8221; button_two_border_width__hover_enabled=&#8221;off&#8221; button_border_color__hover_enabled=&#8221;off&#8221; button_one_border_color__hover_enabled=&#8221;off&#8221; button_two_border_color__hover_enabled=&#8221;off&#8221; button_border_radius__hover_enabled=&#8221;on&#8221; button_border_radius__hover=&#8221;26px&#8221; button_one_border_radius__hover_enabled=&#8221;off&#8221; button_two_border_radius__hover_enabled=&#8221;off&#8221; button_letter_spacing__hover_enabled=&#8221;on&#8221; button_letter_spacing__hover=&#8221;1px&#8221; button_one_letter_spacing__hover_enabled=&#8221;off&#8221; button_two_letter_spacing__hover_enabled=&#8221;off&#8221; button_bg_color__hover_enabled=&#8221;off&#8221; button_one_bg_color__hover_enabled=&#8221;off&#8221; button_two_bg_color__hover_enabled=&#8221;off&#8221; theme_builder_area=&#8221;post_content&#8221; button_url=&#8221;https:\/\/www.ewsistemas.com.br\/crm\/authentication\/login&#8221; url_new_window=&#8221;on&#8221; sticky_enabled=&#8221;0&#8243;][\/et_pb_button][\/et_pb_column][\/et_pb_row][\/et_pb_section]<\/p>\n","protected":false},"excerpt":{"rendered":"<p>Fale Conosco Voc\u00ea pode falar conosco via telefone, whatsapp ou e-mail.Nosso hor\u00e1rio de expediente \u00e9 nos dias \u00fateis das 9h \u00e0s 17h. (61) 4042-0701Voc\u00ea pode acionar o suporte por e-mail.Somente para clientes a abertura de tickets \u00e9 poss\u00edvel.<\/p>\n","protected":false},"author":1,"featured_media":0,"parent":0,"menu_order":0,"comment_status":"closed","ping_status":"closed","template":"","meta":{"_et_pb_use_builder":"on","_et_pb_old_content":"","_et_gb_content_width":"","_joinchat":[],"footnotes":""},"class_list":["post-496","page","type-page","status-publish","hentry"],"_links":{"self":[{"href":"https:\/\/www.ewsistemas.com.br\/wordp\/wp-json\/wp\/v2\/pages\/496","targetHints":{"allow":["GET"]}}],"collection":[{"href":"https:\/\/www.ewsistemas.com.br\/wordp\/wp-json\/wp\/v2\/pages"}],"about":[{"href":"https:\/\/www.ewsistemas.com.br\/wordp\/wp-json\/wp\/v2\/types\/page"}],"author":[{"embeddable":true,"href":"https:\/\/www.ewsistemas.com.br\/wordp\/wp-json\/wp\/v2\/users\/1"}],"replies":[{"embeddable":true,"href":"https:\/\/www.ewsistemas.com.br\/wordp\/wp-json\/wp\/v2\/comments?post=496"}],"version-history":[{"count":5,"href":"https:\/\/www.ewsistemas.com.br\/wordp\/wp-json\/wp\/v2\/pages\/496\/revisions"}],"predecessor-version":[{"id":505,"href":"https:\/\/www.ewsistemas.com.br\/wordp\/wp-json\/wp\/v2\/pages\/496\/revisions\/505"}],"wp:attachment":[{"href":"https:\/\/www.ewsistemas.com.br\/wordp\/wp-json\/wp\/v2\/media?parent=496"}],"curies":[{"name":"wp","href":"https:\/\/api.w.org\/{rel}","templated":true}]}}